{"id":356,"date":"2024-03-20T13:16:49","date_gmt":"2024-03-20T13:16:49","guid":{"rendered":"https:\/\/rechtsanwaltskammer-kassel.de\/?page_id=356"},"modified":"2025-07-24T12:37:51","modified_gmt":"2025-07-24T12:37:51","slug":"vorwort","status":"publish","type":"page","link":"https:\/\/rechtsanwaltskammer-kassel.de\/index.php\/vorwort\/","title":{"rendered":"Vorwort"},"content":{"rendered":"\n<h2 class=\"wp-block-heading\">Vorwort<\/h2>\n\n\n\n<p>Die Rechtsanwaltskammer ist eine K\u00f6rperschaft des \u00f6ffentlichen Rechts, die sich nur aus den Beitr\u00e4gen der Mitglieder finanziert und nicht aus Steuermitteln.<br><br>Sie ist die Selbstverwaltungsorganisation aller in den Landgerichtsbezirken Fulda, Kassel und Marburg\/Lahn zugelassenen <a href=\"https:\/\/rechtsanwaltskammer-kassel.de\/index.php\/anwaltssuchservice\/\">Rechtsanw\u00e4ltinnen und Rechtsanw\u00e4lte<\/a>. Wegen des in Hessen bestehenden Anwaltsnotariats sind einige Mitglieder zugleich auch <a href=\"https:\/\/rechtsanwaltskammer-kassel.de\/index.php\/anwaltssuchservice\/\">Notarinnen bzw. Notare<\/a>.<\/p>\n\n\n\n<div class=\"wp-block-columns is-layout-flex wp-container-core-columns-is-layout-9d6595d7 wp-block-columns-is-layout-flex\">\n<div class=\"wp-block-column is-layout-flow wp-block-column-is-layout-flow\" style=\"flex-basis:66.66%\">\n<p>Der Kammerbezirk ergibt sich aus der nebenstehenden Skizze:&nbsp;<\/p>\n\n\n\n<p>In Hessen gibt es noch die Rechtsanwaltskammer Frankfurt am Main.<br><br>Die Rechtsanwaltskammern sind eigenst\u00e4ndige Kammern, die nicht der Aufsicht der Bundesrechtsanwaltskammer unterstehen.<br><br>Jede\/r zugelassene Rechtsanw\u00e4ltin bzw. Rechtsanwalt wird automatisch Mitglied in der f\u00fcr ihren\/seinen Kanzleisitz zust\u00e4ndigen Rechtsanwaltskammer. Im Bundesgebiet gibt es insgesamt 28 Rechtsanwaltskammern sowie die Bundesrechtsanwaltskammer, die ihren Sitz in Berlin hat.<br><br>Alle zugelassenen Rechtsanw\u00e4ltinnen bzw. Rechtsanw\u00e4lte sind berechtigt, bei allen Landgerichten und\/oder Oberlandesgerichten im Bundesgebiet sowie allen anderen Gerichten aufzutreten, so dass durchaus die M\u00f6glichkeit besteht, dass Mitglieder der Rechtsanwaltskammer Kassel Sie auch bei ausw\u00e4rtigen Gerichten vertreten; allerdings nicht in allen Verfahren beim Bundesgerichtshof, da hierf\u00fcr teilweise eine gesonderte Zulassung erforderlich ist. In Karlsruhe ist die Rechtsanwaltskammer beim Bundesgerichtshof ans\u00e4ssig, die weitere Ausk\u00fcnfte erteilen kann.<\/p>\n<\/div>\n\n\n\n<div class=\"wp-block-column is-layout-flow wp-block-column-is-layout-flow\" style=\"flex-basis:33.33%\">\n<figure class=\"wp-block-image size-full\"><img fetchpriority=\"high\" decoding=\"async\" width=\"350\" height=\"492\" src=\"https:\/\/rechtsanwaltskammer-kassel.de\/wp-content\/uploads\/2025\/04\/hessen-karte-blau-overlay.jpg\" alt=\"\" class=\"wp-image-1411\" srcset=\"https:\/\/rechtsanwaltskammer-kassel.de\/wp-content\/uploads\/2025\/04\/hessen-karte-blau-overlay.jpg 350w, https:\/\/rechtsanwaltskammer-kassel.de\/wp-content\/uploads\/2025\/04\/hessen-karte-blau-overlay-213x300.jpg 213w\" sizes=\"(max-width: 350px) 100vw, 350px\" \/><\/figure>\n<\/div>\n<\/div>\n\n\n\n<p><\/p>\n","protected":false},"excerpt":{"rendered":"<p>Vorwort Die Rechtsanwaltskammer ist eine K\u00f6rperschaft des \u00f6ffentlichen Rechts, die sich nur aus den Beitr\u00e4gen der Mitglieder finanziert und nicht aus Steuermitteln. Sie ist die Selbstverwaltungsorganisation aller in den Landgerichtsbezirken Fulda, Kassel und Marburg\/Lahn zugelassenen Rechtsanw\u00e4ltinnen und Rechtsanw\u00e4lte. Wegen des in Hessen bestehenden Anwaltsnotariats sind einige Mitglieder zugleich auch Notarinnen bzw. Notare. Der Kammerbezirk ergibt&hellip;&nbsp;<a href=\"https:\/\/rechtsanwaltskammer-kassel.de\/index.php\/vorwort\/\" rel=\"bookmark\">Weiterlesen &raquo;<span class=\"screen-reader-text\">Vorwort<\/span><\/a><\/p>\n","protected":false},"author":1,"featured_media":0,"parent":0,"menu_order":0,"comment_status":"closed","ping_status":"closed","template":"","meta":{"neve_meta_sidebar":"","neve_meta_container":"","neve_meta_enable_content_width":"","neve_meta_content_width":0,"neve_meta_title_alignment":"","neve_meta_author_avatar":"","neve_post_elements_order":"","neve_meta_disable_header":"","neve_meta_disable_footer":"","neve_meta_disable_title":"","_themeisle_gutenberg_block_has_review":false,"footnotes":""},"class_list":["post-356","page","type-page","status-publish","hentry"],"_links":{"self":[{"href":"https:\/\/rechtsanwaltskammer-kassel.de\/index.php\/wp-json\/wp\/v2\/pages\/356","targetHints":{"allow":["GET"]}}],"collection":[{"href":"https:\/\/rechtsanwaltskammer-kassel.de\/index.php\/wp-json\/wp\/v2\/pages"}],"about":[{"href":"https:\/\/rechtsanwaltskammer-kassel.de\/index.php\/wp-json\/wp\/v2\/types\/page"}],"author":[{"embeddable":true,"href":"https:\/\/rechtsanwaltskammer-kassel.de\/index.php\/wp-json\/wp\/v2\/users\/1"}],"replies":[{"embeddable":true,"href":"https:\/\/rechtsanwaltskammer-kassel.de\/index.php\/wp-json\/wp\/v2\/comments?post=356"}],"version-history":[{"count":16,"href":"https:\/\/rechtsanwaltskammer-kassel.de\/index.php\/wp-json\/wp\/v2\/pages\/356\/revisions"}],"predecessor-version":[{"id":1674,"href":"https:\/\/rechtsanwaltskammer-kassel.de\/index.php\/wp-json\/wp\/v2\/pages\/356\/revisions\/1674"}],"wp:attachment":[{"href":"https:\/\/rechtsanwaltskammer-kassel.de\/index.php\/wp-json\/wp\/v2\/media?parent=356"}],"curies":[{"name":"wp","href":"https:\/\/api.w.org\/{rel}","templated":true}]}}