{"id":359,"date":"2024-03-20T13:20:59","date_gmt":"2024-03-20T13:20:59","guid":{"rendered":"https:\/\/rechtsanwaltskammer-kassel.de\/?page_id=359"},"modified":"2024-10-02T10:58:02","modified_gmt":"2024-10-02T10:58:02","slug":"geschichte","status":"publish","type":"page","link":"https:\/\/rechtsanwaltskammer-kassel.de\/index.php\/geschichte\/","title":{"rendered":"Geschichte"},"content":{"rendered":"\n<h2 class=\"wp-block-heading\">Geschichte<\/h2>\n\n\n\n<p>Die Rechtsanwaltskammer Kassel besteht seit dem 1. Oktober 1879. Erst die Rechtsanwaltsordnung vom 23. Mai 1878 (RAO), die am 1. Juli 1878 in Kraft trat, verwirklichte die Grundvoraussetzungen freier Advokatur, n\u00e4mlich Zulassungsanspruch unter bestimmten gesetzlich geregelten Voraussetzungen, Selbstverwaltung durch Rechtsanwaltskammern durch eigene Disziplinargewalt durch die Kammern und Ehrengerichte (heute Anwaltsgerichte).<br><br>Kassel war seit der Annektion Kurhessens durch Preu\u00dfen im Jahre 1866 seit dem 1. Oktober 1879 Sitz des Preu\u00dfischen Oberlandesgerichts Kassel. Zum Oberlandesgerichtsbezirk Kassel geh\u00f6rten damals neben den Landgerichtsbezirken Kassel, Fulda und Marburg auch der Landgerichtsbezirk Hanau (Hanau geh\u00f6rt jetzt zum Bezirk der Rechtsanwaltskammer Frankfurt am Main).<br><br>Schon die Rechtsanwaltsordnung von 1878 bestimmte, dass am Sitz eines Oberlandesgerichts eine Rechtsanwaltskammer gebildet wird und s\u00e4mtliche, in diesem Oberlandesgerichtsbezirk zugelassenen Rechtsanw\u00e4lte, Mitglieder dieser Rechtsanwaltskammer werden. Die Rechtsanwaltskammer Kassel hatte ihren Sitz in Kassel, da auch dort das Oberlandesgericht war.<br><br>Bis zum Jahre 1934 konnte die Rechtsanwaltskammer Kassel nur Rechtsanw\u00e4lte zu ihren Mitgliedern z\u00e4hlen. Erst Ende 1934 wurde Frau Dr. Elisabeth Selbert aus Kassel als erste Rechtsanw\u00e4ltin zugelassen. Ihren Beruf als Rechtsanw\u00e4ltin \u00fcbte sie noch weit \u00fcber das 80igste Lebensjahr hinaus aus. Sie erhielt zahlreiche Auszeichnungen, da sie sich auch als Politikerin sehr engagierte. Die Rechtsanwaltskammer Kassel ist heute noch stolz darauf, dass Frau Dr. Selbert zu ihren aktiven Kammermitgliedern z\u00e4hlte.<br><br>W\u00e4hrend des 2. Weltkrieges brannte die Gesch\u00e4ftsstelle der Rechtsanwaltskammer Kassel v\u00f6llig aus.<br><br>Nach dem Zusammenbruch des dritten Reichs am 8. Mai 1945 trat zun\u00e4chst der Stillstand der Rechtspflege ein. Erst allm\u00e4hlich kam der Aufbau der Gerichte in Gang.<br><br>Am 18. Dezember 1948 wurde in Kassel wieder eine Rechtsanwaltskammer gegr\u00fcndet, so dass im Dezember 1998 das 50j\u00e4hrige Bestehen der Rechtsanwaltskammer Kassel nach dem 2. Weltkrieg gefeiert werden konnte.<\/p>\n","protected":false},"excerpt":{"rendered":"<p>Geschichte Die Rechtsanwaltskammer Kassel besteht seit dem 1. Oktober 1879. Erst die Rechtsanwaltsordnung vom 23. Mai 1878 (RAO), die am 1. Juli 1878 in Kraft trat, verwirklichte die Grundvoraussetzungen freier Advokatur, n\u00e4mlich Zulassungsanspruch unter bestimmten gesetzlich geregelten Voraussetzungen, Selbstverwaltung durch Rechtsanwaltskammern durch eigene Disziplinargewalt durch die Kammern und Ehrengerichte (heute Anwaltsgerichte). Kassel war seit der&hellip;&nbsp;<a href=\"https:\/\/rechtsanwaltskammer-kassel.de\/index.php\/geschichte\/\" rel=\"bookmark\">Weiterlesen &raquo;<span class=\"screen-reader-text\">Geschichte<\/span><\/a><\/p>\n","protected":false},"author":1,"featured_media":0,"parent":0,"menu_order":0,"comment_status":"closed","ping_status":"closed","template":"","meta":{"neve_meta_sidebar":"","neve_meta_container":"","neve_meta_enable_content_width":"","neve_meta_content_width":0,"neve_meta_title_alignment":"","neve_meta_author_avatar":"","neve_post_elements_order":"","neve_meta_disable_header":"","neve_meta_disable_footer":"","neve_meta_disable_title":"","_themeisle_gutenberg_block_has_review":false,"footnotes":""},"class_list":["post-359","page","type-page","status-publish","hentry"],"_links":{"self":[{"href":"https:\/\/rechtsanwaltskammer-kassel.de\/index.php\/wp-json\/wp\/v2\/pages\/359","targetHints":{"allow":["GET"]}}],"collection":[{"href":"https:\/\/rechtsanwaltskammer-kassel.de\/index.php\/wp-json\/wp\/v2\/pages"}],"about":[{"href":"https:\/\/rechtsanwaltskammer-kassel.de\/index.php\/wp-json\/wp\/v2\/types\/page"}],"author":[{"embeddable":true,"href":"https:\/\/rechtsanwaltskammer-kassel.de\/index.php\/wp-json\/wp\/v2\/users\/1"}],"replies":[{"embeddable":true,"href":"https:\/\/rechtsanwaltskammer-kassel.de\/index.php\/wp-json\/wp\/v2\/comments?post=359"}],"version-history":[{"count":3,"href":"https:\/\/rechtsanwaltskammer-kassel.de\/index.php\/wp-json\/wp\/v2\/pages\/359\/revisions"}],"predecessor-version":[{"id":1659,"href":"https:\/\/rechtsanwaltskammer-kassel.de\/index.php\/wp-json\/wp\/v2\/pages\/359\/revisions\/1659"}],"wp:attachment":[{"href":"https:\/\/rechtsanwaltskammer-kassel.de\/index.php\/wp-json\/wp\/v2\/media?parent=359"}],"curies":[{"name":"wp","href":"https:\/\/api.w.org\/{rel}","templated":true}]}}