{"id":362,"date":"2024-03-20T13:23:48","date_gmt":"2024-03-20T13:23:48","guid":{"rendered":"https:\/\/rechtsanwaltskammer-kassel.de\/?page_id=362"},"modified":"2025-07-24T12:42:40","modified_gmt":"2025-07-24T12:42:40","slug":"aufgaben-2","status":"publish","type":"page","link":"https:\/\/rechtsanwaltskammer-kassel.de\/index.php\/aufgaben-2\/","title":{"rendered":"Aufgaben"},"content":{"rendered":"\n<h2 class=\"wp-block-heading\">Aufgaben<\/h2>\n\n\n\n<p>Die Aufgaben einer Rechtsanwaltskammer ergeben sich \u00fcberwiegend aus \u00a7 73 der Bundesrechtsanwaltsordnung (BRAO).<br><br>Zu den Aufgaben geh\u00f6rt es u. a., die Interessen ihrer Mitglieder zu f\u00f6rdern und Stellungnahmen zu Gesetzentw\u00fcrfen abzugeben.<br><br>Die Rechtsanwaltskammer erteilt die Zulassung der Rechtsanw\u00e4lte sowie der Rechtsanwaltsgesellschaften und ist f\u00fcr den Widerruf einer Zulassung zust\u00e4ndig.<br><br>Auf Antrag bestellt die Rechtsanwaltskammer einen amtlichen Vertreter (\u00a7 53 BRAO), wenn das Kammermitglied f\u00fcr einen bestimmten Zeitraum an der Aus\u00fcbung seines Berufes gehindert ist.<br><br>Bei Ausscheiden einer Rechtsanw\u00e4ltin bzw. eines Rechtsanwalts bestellt sie bei Bedarf einen Abwickler der Kanzlei (\u00a7 55 BRAO).<br><br>Sie ist weiter zust\u00e4ndig f\u00fcr die Gestattung der F\u00fchrung der Fachanwaltsbezeichnungen Arbeitsrecht, Bau- und Architektenrecht, Erbrecht, Familienrecht, Gewerblicher Rechtsschutz, Handels- und Gesellschaftsrecht, Informationstechnologierecht, Insolvenzrecht, Medizinrecht, Miet- und Wohnungseigentumsrecht, Sozialrecht, Steuerrecht, Strafrecht, Transport- und Speditionsrecht, Urheber- und Medienrecht, Verkehrsrecht, Versicherungsrecht und Verwaltungsrecht. Die Zulassung der Fachanw\u00e4lte erfolgt nach der Fachanwaltsordnung (FAO). Voraussetzungen f\u00fcr die Verleihung einer Fachanwaltsbezeichnung sind besondere theoretische Kenntnisse und besondere praktische Erfahrungen sowie eine mindestens dreij\u00e4hrige ununterbrochene Zulassung und T\u00e4tigkeit als Rechtsanwalt.<br><br>Gem\u00e4\u00df \u00a7 14 Abs. 2 Rechtsanwaltsverg\u00fctungsgesetz (RVG) kann das Gericht in einem Geb\u00fchrenrechtsstreit ein Gutachten des Vorstandes der Rechtsanwaltskammer einholen. Dieses Gutachten wird kostenlos vom Vorstand erstattet.<br><br>Zu den Aufgaben der Rechtsanwaltskammer geh\u00f6rt es auch, darauf zu achten, dass ihre Mitglieder die Berufsordnung (BORA) einhalten. Verst\u00f6\u00dfe gegen das Berufsrecht werden geahndet oder in schwerwiegenden F\u00e4llen die Einleitung eines anwaltsgerichtlichen Ermittlungsverfahrens bei der Generalstaatsanwaltschaft bei dem Oberlandesgericht Frankfurt am Main angeregt.<br><br>Die Rechtsanwaltskammer Kassel erstattet ferner kostenlose Gutachten \u00fcber Geb\u00fchrenrechnungen ihrer Mitglieder, wenn sich der Rechtsuchende und die betroffene Rechtsanw\u00e4ltin bzw. Rechtsanwalt zuvor einem Schiedsgutachten unterwerfen.<br><br>Die Rechtsanwaltskammer ist nicht befugt, Rechtsausk\u00fcnfte zu erteilen. Hierzu sind ausschlie\u00dflich die Rechtsanw\u00e4ltinnen bzw. Rechtsanw\u00e4lte berechtigt.<br><br>Die Rechtsanwaltskammer ist auch nicht befugt, vermeintliche Schadensersatzanspr\u00fcche gegen Rechtsanw\u00e4lte zu \u00fcberpr\u00fcfen bzw. hierzu Ausk\u00fcnfte zu erteilen.<br><br>Bei verm\u00f6gensrechtlichen Streitigkeiten bis zu einem Wert von 15.000,00 \u20ac kann jedoch die Schlichtungsstelle der Rechtsanwaltschaft (\u00a7 191 f Bundesrechtsanwaltsordnung) angerufen werden. <a href=\"https:\/\/www.schlichtungsstelle-der-rechtsanwaltschaft.de\/\" target=\"_blank\" rel=\"noreferrer noopener\">Weitere Informationen hierzu<\/a>.<\/p>\n\n\n\n<p>Jede Rechtsanw\u00e4ltin bzw. Rechtsanwalt ist gesetzlich verpflichtet, eine Berufshaftpflichtversicherung zu unterhalten.<br><br>Nach der Bundesrechtsanwaltsordnung w\u00e4hlt die Kammerversammlung den Vorstand und der Vorstand das Pr\u00e4sidium.<br><br>Der <a href=\"https:\/\/rechtsanwaltskammer-kassel.de\/index.php\/vorstand\/\">Vorstand<\/a> der Rechtsanwaltskammer Kassel hat mehrere Abteilungen gebildet. Die Mitglieder des Vorstandes sind zugelassene Rechtsanw\u00e4lte, die zugleich das Vorstandsamt ehrenamtlich aus\u00fcben.<br><br>Bei der Rechtsanwaltskammer Kassel werden die Ausbildungsvertr\u00e4ge f\u00fcr die Ausbildungsberufe &#8222;Rechtsanwaltsfachangestellte&#8220; und &#8222;Rechtsanwalts- und Notariatsfachangestellte&#8220; in das Verzeichnis der Berufsausbildungsverh\u00e4ltnisse eingetragen. Die Einhaltung der Ausbildungspflichten wird von der Kammer \u00fcberwacht. F\u00fcr die Abnahme der Zwischen- und Abschlusspr\u00fcfungen hat sie Pr\u00fcfungsaussch\u00fcsse gebildet.<\/p>\n","protected":false},"excerpt":{"rendered":"<p>Aufgaben Die Aufgaben einer Rechtsanwaltskammer ergeben sich \u00fcberwiegend aus \u00a7 73 der Bundesrechtsanwaltsordnung (BRAO). Zu den Aufgaben geh\u00f6rt es u. a., die Interessen ihrer Mitglieder zu f\u00f6rdern und Stellungnahmen zu Gesetzentw\u00fcrfen abzugeben. Die Rechtsanwaltskammer erteilt die Zulassung der Rechtsanw\u00e4lte sowie der Rechtsanwaltsgesellschaften und ist f\u00fcr den Widerruf einer Zulassung zust\u00e4ndig. Auf Antrag bestellt die Rechtsanwaltskammer&hellip;&nbsp;<a href=\"https:\/\/rechtsanwaltskammer-kassel.de\/index.php\/aufgaben-2\/\" rel=\"bookmark\">Weiterlesen &raquo;<span class=\"screen-reader-text\">Aufgaben<\/span><\/a><\/p>\n","protected":false},"author":1,"featured_media":0,"parent":0,"menu_order":0,"comment_status":"closed","ping_status":"closed","template":"","meta":{"neve_meta_sidebar":"","neve_meta_container":"","neve_meta_enable_content_width":"","neve_meta_content_width":0,"neve_meta_title_alignment":"","neve_meta_author_avatar":"","neve_post_elements_order":"","neve_meta_disable_header":"","neve_meta_disable_footer":"","neve_meta_disable_title":"","_themeisle_gutenberg_block_has_review":false,"footnotes":""},"class_list":["post-362","page","type-page","status-publish","hentry"],"_links":{"self":[{"href":"https:\/\/rechtsanwaltskammer-kassel.de\/index.php\/wp-json\/wp\/v2\/pages\/362","targetHints":{"allow":["GET"]}}],"collection":[{"href":"https:\/\/rechtsanwaltskammer-kassel.de\/index.php\/wp-json\/wp\/v2\/pages"}],"about":[{"href":"https:\/\/rechtsanwaltskammer-kassel.de\/index.php\/wp-json\/wp\/v2\/types\/page"}],"author":[{"embeddable":true,"href":"https:\/\/rechtsanwaltskammer-kassel.de\/index.php\/wp-json\/wp\/v2\/users\/1"}],"replies":[{"embeddable":true,"href":"https:\/\/rechtsanwaltskammer-kassel.de\/index.php\/wp-json\/wp\/v2\/comments?post=362"}],"version-history":[{"count":4,"href":"https:\/\/rechtsanwaltskammer-kassel.de\/index.php\/wp-json\/wp\/v2\/pages\/362\/revisions"}],"predecessor-version":[{"id":1676,"href":"https:\/\/rechtsanwaltskammer-kassel.de\/index.php\/wp-json\/wp\/v2\/pages\/362\/revisions\/1676"}],"wp:attachment":[{"href":"https:\/\/rechtsanwaltskammer-kassel.de\/index.php\/wp-json\/wp\/v2\/media?parent=362"}],"curies":[{"name":"wp","href":"https:\/\/api.w.org\/{rel}","templated":true}]}}