{"id":364,"date":"2024-03-20T13:24:45","date_gmt":"2024-03-20T13:24:45","guid":{"rendered":"https:\/\/rechtsanwaltskammer-kassel.de\/?page_id=364"},"modified":"2025-07-09T09:12:29","modified_gmt":"2025-07-09T09:12:29","slug":"vorstand","status":"publish","type":"page","link":"https:\/\/rechtsanwaltskammer-kassel.de\/index.php\/vorstand\/","title":{"rendered":"Vorstand"},"content":{"rendered":"\n<h2 class=\"wp-block-heading\">Der Vorstand<\/h2>\n\n\n\n<p>Das Pr\u00e4sidium der Rechtsanwaltskammer Kassel &nbsp;besteht aus:<\/p>\n\n\n\n<p class=\"has-border-color has-custom-2-background-color has-background\" style=\"border-color:#072a8254;border-width:2px\">Pr\u00e4sident:&nbsp;&nbsp;&nbsp;&nbsp;&nbsp;&nbsp;&nbsp;&nbsp;&nbsp;&nbsp;&nbsp;Rechtsanwalt und Notar Marcus Baum,&nbsp;Kassel<br><br>Vizepr\u00e4sident: &nbsp;&nbsp; Rechtsanwalt Gerhard Rohm, Marburg<br><br>Schatzmeister: &nbsp; Rechtsanwalt und Notar Sven Garthe, Korbach<br><br>Schriftf\u00fchrerin:&nbsp;&nbsp;&nbsp;Rechtsanw\u00e4ltin Wiebke Burghard, Kassel<\/p>\n\n\n\n<p><strong>Weitere Vorstandsmitglieder<\/strong><\/p>\n\n\n\n<p class=\"has-border-color has-custom-2-background-color has-background\" style=\"border-color:#072a8254;border-width:2px\">Rechtsanw\u00e4ltin und Notarin Katharina Cohnen, Bad Hersfeld<br>Rechtsanwalt Steffen Robert Dietrich, Fulda<br>Rechtsanw\u00e4ltin und Notarin Christine Franz, Marburg<br>Rechtsanwalt (Syndikusrechtsanwalt) Dr. Manuel Karb, Kassel<br>Rechtsanwalt Andreas Nicolas Kleinherne, Kassel<br>Rechtsanwalt und Notar Carsten Lenz, Bad Hersfeld<br>Rechtsanwalt Thomas Meinel, H\u00fcnefeld<br>Rechtsanw\u00e4ltin Susanne Moritz, Kassel<br>Rechtsanwalt Maximilian Reuber, Kassel<br>Rechtsanwalt und Notar Dr. Anton Sebastian Schm\u00f6lz, Marburg<br>Rechtsanwalt Michael Standfest-Vo\u00df, Kaufungen<br>Rechtsanwalt und Notar Stephan Ulrich, Fulda<br>Rechtsanwalt J\u00f6rg Thomas Weigel, Marburg<br>Rechtsanwalt und Notar J\u00fcrgen W\u00f6flein, Marburg<\/p>\n\n\n\n<p><strong>Der Vorstand hat folgende Abteilungen gem. \u00a7 77 BRAO gebildet:<\/strong><\/p>\n\n\n\n<p class=\"has-border-color has-custom-2-background-color has-background\" style=\"border-color:#072a8254;border-width:2px\">Abteilungen f\u00fcr Beschwerden und berufsrechtliche Fragen<br>Zulassungsabteilung<br>Zulassungsabteilung f\u00fcr die Zulassung zur Rechtsanwaltschaft von Berufsaus\u00fcbungsgesellschaften<br>Abteilung f\u00fcr Geb\u00fchren und Gutachten<br>Aufsichtsabteilung nach dem Geldw\u00e4schegesetz<br>Abteilung f\u00fcr die Abgaben von Stellungnahmen zu Antr\u00e4gen auf Bestellung zum Notar.<\/p>\n\n\n\n<p class=\"has-border-color has-custom-2-background-color has-background\" style=\"border-color:#072a8254;border-width:2px\"><strong>Gesch\u00e4ftsf\u00fchrerin: Rechtsanw\u00e4ltin Silvia Morancho-Drastik<\/strong><\/p>\n\n\n\n<p><\/p>\n","protected":false},"excerpt":{"rendered":"<p>Der Vorstand Das Pr\u00e4sidium der Rechtsanwaltskammer Kassel &nbsp;besteht aus: Pr\u00e4sident:&nbsp;&nbsp;&nbsp;&nbsp;&nbsp;&nbsp;&nbsp;&nbsp;&nbsp;&nbsp;&nbsp;Rechtsanwalt und Notar Marcus Baum,&nbsp;Kassel Vizepr\u00e4sident: &nbsp;&nbsp; Rechtsanwalt Gerhard Rohm, Marburg Schatzmeister: &nbsp; Rechtsanwalt und Notar Sven Garthe, Korbach Schriftf\u00fchrerin:&nbsp;&nbsp;&nbsp;Rechtsanw\u00e4ltin Wiebke Burghard, Kassel Weitere Vorstandsmitglieder Rechtsanw\u00e4ltin und Notarin Katharina Cohnen, Bad HersfeldRechtsanwalt Steffen Robert Dietrich, FuldaRechtsanw\u00e4ltin und Notarin Christine Franz, MarburgRechtsanwalt (Syndikusrechtsanwalt) Dr. Manuel Karb, KasselRechtsanwalt&hellip;&nbsp;<a href=\"https:\/\/rechtsanwaltskammer-kassel.de\/index.php\/vorstand\/\" rel=\"bookmark\">Weiterlesen &raquo;<span class=\"screen-reader-text\">Vorstand<\/span><\/a><\/p>\n","protected":false},"author":1,"featured_media":0,"parent":0,"menu_order":0,"comment_status":"closed","ping_status":"closed","template":"","meta":{"neve_meta_sidebar":"","neve_meta_container":"","neve_meta_enable_content_width":"","neve_meta_content_width":0,"neve_meta_title_alignment":"","neve_meta_author_avatar":"","neve_post_elements_order":"","neve_meta_disable_header":"","neve_meta_disable_footer":"","neve_meta_disable_title":"","_themeisle_gutenberg_block_has_review":false,"footnotes":""},"class_list":["post-364","page","type-page","status-publish","hentry"],"_links":{"self":[{"href":"https:\/\/rechtsanwaltskammer-kassel.de\/index.php\/wp-json\/wp\/v2\/pages\/364","targetHints":{"allow":["GET"]}}],"collection":[{"href":"https:\/\/rechtsanwaltskammer-kassel.de\/index.php\/wp-json\/wp\/v2\/pages"}],"about":[{"href":"https:\/\/rechtsanwaltskammer-kassel.de\/index.php\/wp-json\/wp\/v2\/types\/page"}],"author":[{"embeddable":true,"href":"https:\/\/rechtsanwaltskammer-kassel.de\/index.php\/wp-json\/wp\/v2\/users\/1"}],"replies":[{"embeddable":true,"href":"https:\/\/rechtsanwaltskammer-kassel.de\/index.php\/wp-json\/wp\/v2\/comments?post=364"}],"version-history":[{"count":8,"href":"https:\/\/rechtsanwaltskammer-kassel.de\/index.php\/wp-json\/wp\/v2\/pages\/364\/revisions"}],"predecessor-version":[{"id":1661,"href":"https:\/\/rechtsanwaltskammer-kassel.de\/index.php\/wp-json\/wp\/v2\/pages\/364\/revisions\/1661"}],"wp:attachment":[{"href":"https:\/\/rechtsanwaltskammer-kassel.de\/index.php\/wp-json\/wp\/v2\/media?parent=364"}],"curies":[{"name":"wp","href":"https:\/\/api.w.org\/{rel}","templated":true}]}}