{"id":370,"date":"2024-03-20T13:29:43","date_gmt":"2024-03-20T13:29:43","guid":{"rendered":"https:\/\/rechtsanwaltskammer-kassel.de\/?page_id=370"},"modified":"2025-11-18T09:29:55","modified_gmt":"2025-11-18T09:29:55","slug":"formulare","status":"publish","type":"page","link":"https:\/\/rechtsanwaltskammer-kassel.de\/index.php\/formulare\/","title":{"rendered":"Formulare"},"content":{"rendered":"\n<h2 class=\"wp-block-heading\">Formulare<\/h2>\n\n\n\n<div class=\"wp-block-columns is-layout-flex wp-container-core-columns-is-layout-9d6595d7 wp-block-columns-is-layout-flex\">\n<div class=\"wp-block-column has-nv-text-dark-bg-background-color has-background is-layout-flow wp-block-column-is-layout-flow\" style=\"flex-basis:25%\">\n<p><br>Die folgenden Formulare und Merkbl\u00e4tter liegen f\u00fcr Sie zum Download bereit.<\/p>\n\n\n\n<p>Klicken Sie bitte auf das jeweilige Symbol f\u00fcr den von Ihnen gew\u00fcnschten Dateityp.<\/p>\n\n\n\n<p><br><img decoding=\"async\" width=\"40\" height=\"39\" class=\"wp-image-956\" style=\"width: 40px;\" src=\"https:\/\/rechtsanwaltskammer-kassel.de\/wp-content\/uploads\/2024\/09\/Microsoft-Word-300.png\" alt=\"\" srcset=\"https:\/\/rechtsanwaltskammer-kassel.de\/wp-content\/uploads\/2024\/09\/Microsoft-Word-300.png 300w, https:\/\/rechtsanwaltskammer-kassel.de\/wp-content\/uploads\/2024\/09\/Microsoft-Word-300-150x150.png 150w\" sizes=\"(max-width: 40px) 100vw, 40px\" \/>&nbsp;Worddokument<\/p>\n\n\n\n<p><img decoding=\"async\" width=\"33\" height=\"39\" class=\"wp-image-950\" style=\"width: 33px;\" src=\"https:\/\/rechtsanwaltskammer-kassel.de\/wp-content\/uploads\/2024\/09\/Adobe-PDF-edit-300.png\" alt=\"\" srcset=\"https:\/\/rechtsanwaltskammer-kassel.de\/wp-content\/uploads\/2024\/09\/Adobe-PDF-edit-300.png 300w, https:\/\/rechtsanwaltskammer-kassel.de\/wp-content\/uploads\/2024\/09\/Adobe-PDF-edit-300-255x300.png 255w\" sizes=\"(max-width: 33px) 100vw, 33px\" \/>&nbsp;pdf-Dokument<\/p>\n<\/div>\n\n\n\n<div class=\"wp-block-column has-border-color is-layout-flow wp-block-column-is-layout-flow\" style=\"border-color:#072a8254;border-width:1px;padding-top:0;padding-bottom:0;flex-basis:75%\">\n<figure class=\"wp-block-table aligncenter ticss-dcb4c193\" style=\"padding-top:0;padding-right:0px;padding-bottom:0;padding-left:0px\"><table class=\"has-custom-2-background-color has-background has-border-color\" style=\"border-color:#072a8254;border-width:2px\"><tbody><tr><td class=\"has-text-align-center\" data-align=\"center\"><a href=\"http:\/\/rechtsanwaltskammer-kassel.de\/dokumente\/Formulare\/DOC\/antrag_auf_zulassung_zur_rechtsanwaltschaft.doc\" target=\"_blank\" rel=\"noreferrer noopener\">w<\/a><\/td><td class=\"has-text-align-center\" data-align=\"center\"><a href=\"http:\/\/rechtsanwaltskammer-kassel.de\/dokumente\/Formulare\/PDF\/antrag_auf_zulassung_zur_rechtsanwaltschaft.pdf\" target=\"_blank\" rel=\"noreferrer noopener\">p<\/a><\/td><td class=\"has-text-align-left\" data-align=\"left\">Antrag auf Zulassung zur Rechtsanwaltschaft (nebst &#8222;Hinweise zum Antrag&#8220; sowie Merkblatt f\u00fcr den Fall der Aus\u00fcbung einer sonstigen beruflichen T\u00e4tigkeit)<\/td><\/tr><tr><td class=\"has-text-align-center\" data-align=\"center\"><a href=\"http:\/\/rechtsanwaltskammer-kassel.de\/dokumente\/Formulare\/DOC\/2016-06-30\/Antrag%20Zulassung%20RA%20bereits%20Syndikus.DOC\" target=\"_blank\" rel=\"noreferrer noopener\">w<\/a><\/td><td class=\"has-text-align-center\" data-align=\"center\"><a href=\"http:\/\/rechtsanwaltskammer-kassel.de\/dokumente\/Formulare\/PDF\/2016-06-30\/Antrag%20Zulassung%20RA%20bereits%20Syndikus.pdf\" target=\"_blank\" rel=\"noreferrer noopener\">p<\/a><\/td><td class=\"has-text-align-left\" data-align=\"left\">Antrag auf Zulassung zur Rechtsanwaltschaft (bereits Syndikus)<\/td><\/tr><tr><td class=\"has-text-align-center\" data-align=\"center\"><a href=\"http:\/\/rechtsanwaltskammer-kassel.de\/dokumente\/Formulare\/DOC\/2016-06-30\/Antrag%20Zulassung%20Syndikus%20bereits%20RA.DOC\" target=\"_blank\" rel=\"noreferrer noopener\">w<\/a><\/td><td class=\"has-text-align-center\" data-align=\"center\"><a href=\"http:\/\/rechtsanwaltskammer-kassel.de\/dokumente\/Formulare\/PDF\/2016-06-30\/Antrag%20Zulassung%20Syndikus%20bereits%20RA.pdf\" target=\"_blank\" rel=\"noreferrer noopener\">p<\/a><\/td><td class=\"has-text-align-left\" data-align=\"left\">Antrag auf Zulassung zum Syndikus (bereits Rechtsanwalt)<\/td><\/tr><tr><td class=\"has-text-align-center\" data-align=\"center\"><a href=\"http:\/\/rechtsanwaltskammer-kassel.de\/dokumente\/Formulare\/DOC\/2016-06-30\/Antrag%20Zulassung%20Syndikus%20ist%20bereits%20Syndikus.DOC\" target=\"_blank\" rel=\"noreferrer noopener\">w<\/a><\/td><td class=\"has-text-align-center\" data-align=\"center\"><a href=\"http:\/\/rechtsanwaltskammer-kassel.de\/dokumente\/Formulare\/PDF\/2016-06-30\/Antrag%20Zulassung%20Syndikus%20ist%20bereits%20Syndikus.pdf\" target=\"_blank\" rel=\"noreferrer noopener\">p<\/a><\/td><td class=\"has-text-align-left\" data-align=\"left\">Antrag auf Zulassung zum Syndikus (bereits Syndikus)<\/td><\/tr><tr><td class=\"has-text-align-center\" data-align=\"center\"><a href=\"http:\/\/rechtsanwaltskammer-kassel.de\/dokumente\/Formulare\/DOC\/2016-06-30\/Antrag%20Zulassung%20Syndikus%20und%20Zulassung%20RA.DOC\" target=\"_blank\" rel=\"noreferrer noopener\">w<\/a><\/td><td class=\"has-text-align-center\" data-align=\"center\"><a href=\"http:\/\/rechtsanwaltskammer-kassel.de\/dokumente\/Formulare\/PDF\/2016-06-30\/Antrag%20Zulassung%20Syndikus%20und%20Zulassung%20RA.pdf\" target=\"_blank\" rel=\"noreferrer noopener\">p<\/a><\/td><td class=\"has-text-align-left\" data-align=\"left\">Antrag auf Zulassung Syndikus und Zulassung zur Rechtsanwaltschaft<\/td><\/tr><tr><td class=\"has-text-align-center\" data-align=\"center\"><a href=\"http:\/\/rechtsanwaltskammer-kassel.de\/dokumente\/Formulare\/DOC\/2016-06-30\/Antrag%20Zulassung%20Syndikus%20wesentlich%20geaenderte%20Taetigkeit.DOC\" target=\"_blank\" rel=\"noreferrer noopener\">w<\/a><\/td><td class=\"has-text-align-center\" data-align=\"center\"><a href=\"http:\/\/rechtsanwaltskammer-kassel.de\/dokumente\/Formulare\/PDF\/2016-06-30\/Antrag%20Zulassung%20Syndikus%20wesentlich%20geaenderte%20Taetigkeit.pdf\" target=\"_blank\" rel=\"noreferrer noopener\">p<\/a><\/td><td class=\"has-text-align-left\" data-align=\"left\">Antrag auf Zulassung zum Syndikus bei wesentlich ge\u00e4nderter T\u00e4tigkeit<\/td><\/tr><tr><td class=\"has-text-align-center\" data-align=\"center\"><a href=\"http:\/\/rechtsanwaltskammer-kassel.de\/dokumente\/Formulare\/DOC\/Antrag_Zulassung_Syndikus_Arbeitgeberwechsel.doc\" target=\"_blank\" rel=\"noreferrer noopener\">w<\/a><\/td><td class=\"has-text-align-center\" data-align=\"center\"><a href=\"http:\/\/rechtsanwaltskammer-kassel.de\/dokumente\/Formulare\/PDF\/Antrag_Zulassung_Syndikus_Arbeitgeberwechsel.pdf\" target=\"_blank\" rel=\"noreferrer noopener\">p<\/a><\/td><td class=\"has-text-align-left\" data-align=\"left\">Antrag Zulassung Syndikus Arbeitgeberwechsel<\/td><\/tr><tr><td class=\"has-text-align-center\" data-align=\"center\"><a href=\"http:\/\/rechtsanwaltskammer-kassel.de\/dokumente\/Formulare\/DOC\/2016-06-30\/Antrag%20Zulassung%20Syndikusanwalt.DOC\" target=\"_blank\" rel=\"noreferrer noopener\">w<\/a><\/td><td class=\"has-text-align-center\" data-align=\"center\"><a href=\"http:\/\/rechtsanwaltskammer-kassel.de\/dokumente\/Formulare\/PDF\/2016-06-30\/Antrag%20Zulassung%20Syndikusanwalt.pdf\" target=\"_blank\" rel=\"noreferrer noopener\">p<\/a><\/td><td class=\"has-text-align-left\" data-align=\"left\">Antrag auf Zulassung zum Syndikusanwalt<\/td><\/tr><tr><td class=\"has-text-align-center\" data-align=\"center\"><a href=\"http:\/\/rechtsanwaltskammer-kassel.de\/dokumente\/Formulare\/DOC\/Antrag%20Syndikus%20Feststellung%20unwesentlich%20Taetigkeitsaenderung.DOC\" target=\"_blank\" rel=\"noreferrer noopener\">w<\/a><\/td><td class=\"has-text-align-center\" data-align=\"center\"><a href=\"http:\/\/rechtsanwaltskammer-kassel.de\/dokumente\/Formulare\/PDF\/Antrag%20Syndikus%20Feststellung%20unwesentlich%20Taetigkeitsaenderung.pdf\" target=\"_blank\" rel=\"noreferrer noopener\">p<\/a><\/td><td class=\"has-text-align-left\" data-align=\"left\">Antrag Syndikus Feststellung unwesentlicher T\u00e4tigkeits\u00e4nderung<\/td><\/tr><tr><td class=\"has-text-align-center\" data-align=\"center\"><a href=\"http:\/\/rechtsanwaltskammer-kassel.de\/dokumente\/Formulare\/DOC\/antrag_auf_aufnahme_nach_kanzleisitzverlegung_27_iii_brao.doc\" target=\"_blank\" rel=\"noreferrer noopener\">w<\/a><\/td><td class=\"has-text-align-center\" data-align=\"center\"><a href=\"http:\/\/rechtsanwaltskammer-kassel.de\/dokumente\/Formulare\/PDF\/antrag_auf_aufnahme_nach_kanzleisitzverlegung_27_iii_brao.pdf\" target=\"_blank\" rel=\"noreferrer noopener\">p<\/a><\/td><td class=\"has-text-align-left\" data-align=\"left\">Antrag auf Aufnahme nach Kanzleisitzverlegung (\u00a7 27 III BRAO)<\/td><\/tr><tr><td class=\"has-text-align-center\" data-align=\"center\"><a href=\"http:\/\/rechtsanwaltskammer-kassel.de\/dokumente\/Formulare\/DOC\/antrag_auf_aufnahme_gemaess_206_brao.doc\" target=\"_blank\" rel=\"noreferrer noopener\">w<\/a><\/td><td class=\"has-text-align-center\" data-align=\"center\"><a href=\"http:\/\/rechtsanwaltskammer-kassel.de\/dokumente\/Formulare\/PDF\/antrag_auf_aufnahme_gemaess_206_brao.pdf\" target=\"_blank\" rel=\"noreferrer noopener\">p<\/a><\/td><td class=\"has-text-align-left\" data-align=\"left\">Antrag auf Aufnahme gem\u00e4\u00df \u00a7 206 BRAO<\/td><\/tr><tr><td class=\"has-text-align-center\" data-align=\"center\"><a href=\"http:\/\/rechtsanwaltskammer-kassel.de\/dokumente\/Formulare\/DOC\/antrag_auf_aufnahme_gemaess_2_eurag.doc\" target=\"_blank\" rel=\"noreferrer noopener\">w<\/a><\/td><td class=\"has-text-align-center\" data-align=\"center\"><a href=\"http:\/\/rechtsanwaltskammer-kassel.de\/dokumente\/Formulare\/PDF\/antrag_auf_aufnahme_gemaess_2_eurag.pdf\" target=\"_blank\" rel=\"noreferrer noopener\">p<\/a><\/td><td class=\"has-text-align-left\" data-align=\"left\">Antrag auf Aufnahme gem\u00e4\u00df \u00a7 2 EuRAG<\/td><\/tr><tr><td class=\"has-text-align-center\" data-align=\"center\"><a href=\"http:\/\/rechtsanwaltskammer-kassel.de\/dokumente\/Formulare\/DOC\/Fachanwaltschaften\/Antrag_205_a_BRAO.doc\" target=\"_blank\" rel=\"noreferrer noopener\">w<\/a><\/td><td class=\"has-text-align-center\" data-align=\"center\"><a href=\"http:\/\/rechtsanwaltskammer-kassel.de\/dokumente\/Formulare\/PDF\/Antrag_205_a_BRAO.pdf\" target=\"_blank\" rel=\"noreferrer noopener\">p<\/a><\/td><td class=\"has-text-align-left\" data-align=\"left\">Antrag gem\u00e4\u00df \u00a7 205 a BRAO<\/td><\/tr><tr><td class=\"has-text-align-center\" data-align=\"center\"><a href=\"http:\/\/rechtsanwaltskammer-kassel.de\/dokumente\/Formulare\/DOC\/antrag_auf_befreiung_von_der_kanzleipflicht.doc\" target=\"_blank\" rel=\"noreferrer noopener\">w<\/a><\/td><td class=\"has-text-align-center\" data-align=\"center\"><a href=\"http:\/\/rechtsanwaltskammer-kassel.de\/dokumente\/Formulare\/PDF\/antrag_auf_befreiung_von_der_kanzleipflicht.pdf\" target=\"_blank\" rel=\"noreferrer noopener\">p<\/a><\/td><td class=\"has-text-align-left\" data-align=\"left\">Antrag auf Befreiung von der Kanzleipflicht<\/td><\/tr><tr><td class=\"has-text-align-center\" data-align=\"center\"><a href=\"http:\/\/rechtsanwaltskammer-kassel.de\/dokumente\/Formulare\/DOC\/Erklaerung_bzgl_Aufnahme_in_die_Pflichtverteidigerliste.docx\" target=\"_blank\" rel=\"noreferrer noopener\">w<\/a><\/td><td class=\"has-text-align-center\" data-align=\"center\"><a href=\"http:\/\/rechtsanwaltskammer-kassel.de\/dokumente\/Formulare\/PDF\/Erklaerung_bzgl_Aufnahme_in_die_Pflichtverteidigerliste.pdf\" target=\"_blank\" rel=\"noreferrer noopener\">p<\/a><\/td><td class=\"has-text-align-left\" data-align=\"left\">Erkl\u00e4rung bzgl. Aufnahme in die Pflichtverteidigerliste<\/td><\/tr><tr><td class=\"has-text-align-center\" data-align=\"center\"><a href=\"http:\/\/rechtsanwaltskammer-kassel.de\/dokumente\/Formulare\/DOC\/merkblatt_nebentaetigkeit.doc\" target=\"_blank\" rel=\"noreferrer noopener\">w<\/a><\/td><td class=\"has-text-align-center\" data-align=\"center\"><a href=\"http:\/\/rechtsanwaltskammer-kassel.de\/dokumente\/Formulare\/PDF\/merkblatt_nebentaetigkeit.pdf\" target=\"_blank\" rel=\"noreferrer noopener\">p<\/a><\/td><td class=\"has-text-align-left\" data-align=\"left\">Merkblatt Nebent\u00e4tigkeit Erstzulassung<\/td><\/tr><tr><td class=\"has-text-align-center\" data-align=\"center\"><a href=\"http:\/\/rechtsanwaltskammer-kassel.de\/dokumente\/Formulare\/DOC\/os-verfahren_antragsmuster_rechtsuchende.doc\" target=\"_blank\" rel=\"noreferrer noopener\">w<\/a><\/td><td class=\"has-text-align-center\" data-align=\"center\"><a href=\"http:\/\/rechtsanwaltskammer-kassel.de\/dokumente\/Formulare\/PDF\/os-verfahren_antragsmuster_rechtsuchende.pdf\" target=\"_blank\" rel=\"noreferrer noopener\">p<\/a><\/td><td class=\"has-text-align-left\" data-align=\"left\">OS-Verfahren Antragsmuster Rechtsuchende<\/td><\/tr><tr><td class=\"has-text-align-center\" data-align=\"center\"><a href=\"http:\/\/rechtsanwaltskammer-kassel.de\/dokumente\/Formulare\/DOC\/2025\/Merkblatt%20und%20Antrag%20EU-Ausweis.docx\" target=\"_blank\" rel=\"noreferrer noopener\">w<\/a><\/td><td class=\"has-text-align-center\" data-align=\"center\"><a href=\"https:\/\/rechtsanwaltskammer-kassel.de\/dokumente\/Formulare\/PDF\/2025\/Merkblatt%20und%20Antrag%20EU-Ausweis.pdf\" target=\"_blank\" rel=\"noreferrer noopener\">p<\/a><\/td><td class=\"has-text-align-left\" data-align=\"left\">Merkblatt und Antrag EU-Ausweis<\/td><\/tr><tr><td class=\"has-text-align-center\" data-align=\"center\"><\/td><td class=\"has-text-align-center\" data-align=\"center\"><a href=\"http:\/\/rechtsanwaltskammer-kassel.de\/dokumente\/Formulare\/PDF\/Zulassungsverzicht%20RA%20RAin%20%C2%A7%2014%20Abs.%202%20Nr.%204%20BRAO.pdf\" target=\"_blank\" rel=\"noreferrer noopener\">p<\/a><\/td><td class=\"has-text-align-left\" data-align=\"left\">Zulassungsverzicht RA RAin \u00a7 14 Abs. 2 Nr. 4 BRAO<\/td><\/tr><tr><td class=\"has-text-align-center\" data-align=\"center\"><\/td><td class=\"has-text-align-center\" data-align=\"center\"><a href=\"http:\/\/rechtsanwaltskammer-kassel.de\/dokumente\/Formulare\/PDF\/Zulassungsverzicht%20RA%20RAin%20und%20Syndiukuszulassung.pdf\" target=\"_blank\" rel=\"noreferrer noopener\">p<\/a><\/td><td class=\"has-text-align-left\" data-align=\"left\">Zulassungsverzicht RA RAin und Syndiukuszulassung<\/td><\/tr><tr><td class=\"has-text-align-center\" data-align=\"center\"><\/td><td class=\"has-text-align-center\" data-align=\"center\"><a href=\"http:\/\/rechtsanwaltskammer-kassel.de\/dokumente\/Formulare\/PDF\/Zulassungsverzicht%20Syndiukuszulassung.pdf\" target=\"_blank\" rel=\"noreferrer noopener\">p<\/a><\/td><td class=\"has-text-align-left\" data-align=\"left\">Zulassungsverzicht Syndiukuszulassung<\/td><\/tr><tr><td class=\"has-text-align-center\" data-align=\"center\"><\/td><td class=\"has-text-align-center\" data-align=\"center\"><a href=\"http:\/\/rechtsanwaltskammer-kassel.de\/dokumente\/Formulare\/PDF\/SEPA_Lastschrift.pdf\" target=\"_blank\" rel=\"noreferrer noopener\">p<\/a><\/td><td class=\"has-text-align-left\" data-align=\"left\">SEPA-Lastschriftmandat<\/td><\/tr><tr><td class=\"has-text-align-center\" data-align=\"center\"><a href=\"http:\/\/rechtsanwaltskammer-kassel.de\/dokumente\/Formulare\/DOC\/antrag_auf_Zulassung_einer_Berufsausuebungsgesellschaft.DOCX\" target=\"_blank\" rel=\"noreferrer noopener\">w<\/a><\/td><td class=\"has-text-align-center\" data-align=\"center\"><a href=\"http:\/\/rechtsanwaltskammer-kassel.de\/dokumente\/Formulare\/PDF\/antrag_auf_Zulassung_einer_Berufsausuebungsgesellschaft.pdf\" target=\"_blank\" rel=\"noreferrer noopener\">p<\/a><\/td><td class=\"has-text-align-left\" data-align=\"left\">Antrag auf Zulassung einer Berufsaus\u00fcbungsgesellschaft (\u00a7 59f BRAO)<\/td><\/tr><\/tbody><\/table><\/figure>\n<\/div>\n<\/div>\n\n\n\n<p><\/p>\n","protected":false},"excerpt":{"rendered":"<p>Formulare Die folgenden Formulare und Merkbl\u00e4tter liegen f\u00fcr Sie zum Download bereit. Klicken Sie bitte auf das jeweilige Symbol f\u00fcr den von Ihnen gew\u00fcnschten Dateityp. &nbsp;Worddokument &nbsp;pdf-Dokument w p Antrag auf Zulassung zur Rechtsanwaltschaft (nebst &#8222;Hinweise zum Antrag&#8220; sowie Merkblatt f\u00fcr den Fall der Aus\u00fcbung einer sonstigen beruflichen T\u00e4tigkeit) w p Antrag auf Zulassung zur&hellip;&nbsp;<a href=\"https:\/\/rechtsanwaltskammer-kassel.de\/index.php\/formulare\/\" rel=\"bookmark\">Weiterlesen &raquo;<span class=\"screen-reader-text\">Formulare<\/span><\/a><\/p>\n","protected":false},"author":1,"featured_media":0,"parent":0,"menu_order":0,"comment_status":"closed","ping_status":"closed","template":"","meta":{"neve_meta_sidebar":"","neve_meta_container":"","neve_meta_enable_content_width":"","neve_meta_content_width":0,"neve_meta_title_alignment":"","neve_meta_author_avatar":"","neve_post_elements_order":"","neve_meta_disable_header":"","neve_meta_disable_footer":"","neve_meta_disable_title":"","_themeisle_gutenberg_block_has_review":false,"footnotes":""},"class_list":["post-370","page","type-page","status-publish","hentry"],"_links":{"self":[{"href":"https:\/\/rechtsanwaltskammer-kassel.de\/index.php\/wp-json\/wp\/v2\/pages\/370","targetHints":{"allow":["GET"]}}],"collection":[{"href":"https:\/\/rechtsanwaltskammer-kassel.de\/index.php\/wp-json\/wp\/v2\/pages"}],"about":[{"href":"https:\/\/rechtsanwaltskammer-kassel.de\/index.php\/wp-json\/wp\/v2\/types\/page"}],"author":[{"embeddable":true,"href":"https:\/\/rechtsanwaltskammer-kassel.de\/index.php\/wp-json\/wp\/v2\/users\/1"}],"replies":[{"embeddable":true,"href":"https:\/\/rechtsanwaltskammer-kassel.de\/index.php\/wp-json\/wp\/v2\/comments?post=370"}],"version-history":[{"count":73,"href":"https:\/\/rechtsanwaltskammer-kassel.de\/index.php\/wp-json\/wp\/v2\/pages\/370\/revisions"}],"predecessor-version":[{"id":1694,"href":"https:\/\/rechtsanwaltskammer-kassel.de\/index.php\/wp-json\/wp\/v2\/pages\/370\/revisions\/1694"}],"wp:attachment":[{"href":"https:\/\/rechtsanwaltskammer-kassel.de\/index.php\/wp-json\/wp\/v2\/media?parent=370"}],"curies":[{"name":"wp","href":"https:\/\/api.w.org\/{rel}","templated":true}]}}