{"id":387,"date":"2024-03-20T13:40:27","date_gmt":"2024-03-20T13:40:27","guid":{"rendered":"https:\/\/rechtsanwaltskammer-kassel.de\/?page_id=387"},"modified":"2025-04-04T12:27:32","modified_gmt":"2025-04-04T12:27:32","slug":"rahmenlehrplan-ausbildung-vo","status":"publish","type":"page","link":"https:\/\/rechtsanwaltskammer-kassel.de\/index.php\/rahmenlehrplan-ausbildung-vo\/","title":{"rendered":"Rahmenlehrplan \/ Ausbildung &#8211; VO"},"content":{"rendered":"\n<h2 class=\"wp-block-heading\">Rahmenlehrplan \/ Ausbildung &#8211; VO<\/h2>\n\n\n\n<p>Grundlage f\u00fcr die Erstellung der Pr\u00fcfungsaufgaben ist der Ausbildungsrahmenplan und der g\u00fcltige Rahmenlehrplan, deren Inhalte auch \u00fcber die pr\u00fcfungsrelevanten Fertigkeiten, Kenntnisse und F\u00e4higkeiten hinaus verbindlich vermittelt werden m\u00fcssen. Der Berufsbildungsausschuss hat in seiner Sitzung vom 17.12.2008 eine Zuordnung wesentlicher Ausbildungsinhalte bei der Zwischen- und Abschlusspr\u00fcfung in den Ausbildungsberufen \u201eRechtsanwaltsfachangestellte(r)&#8220; und \u201eRechtsanwalts- und Notarfachangestellte(r)&#8220; beschlossen und damit eine Orientierungshilfe f\u00fcr die Pr\u00fcfungsinhalte geschaffen.&#8220;<\/p>\n\n\n\n<div class=\"wp-block-columns has-border-color has-custom-2-background-color has-background is-layout-flex wp-container-core-columns-is-layout-9d6595d7 wp-block-columns-is-layout-flex\" style=\"border-color:#072a8254;border-width:2px\">\n<div class=\"wp-block-column is-layout-flow wp-block-column-is-layout-flow\" style=\"flex-basis:50%\">\n<p><strong><strong><strong><strong><strong>Ausbildungsrahmenplan<\/strong><\/strong><\/strong><\/strong><\/strong><strong><strong><strong><strong><br><\/strong><\/strong><\/strong><\/strong><\/p>\n<\/div>\n\n\n\n<div class=\"wp-block-column is-layout-flow wp-block-column-is-layout-flow\" style=\"flex-basis:50%\">\n<div class=\"wp-block-columns ticss-78d31ccc is-layout-flex wp-container-core-columns-is-layout-9d6595d7 wp-block-columns-is-layout-flex\">\n<div class=\"wp-block-column is-layout-flow wp-block-column-is-layout-flow\"><div class=\"wp-block-image\">\n<figure class=\"aligncenter size-large is-resized\"><a href=\"http:\/\/www.brak.de\/w\/files\/02_fuer_anwaelte\/reno\/ausbildungsrahmenplan.pdf\"><img fetchpriority=\"high\" decoding=\"async\" width=\"1024\" height=\"779\" src=\"https:\/\/rechtsanwaltskammer-kassel.de\/wp-content\/uploads\/2024\/09\/Adobe-PDF-1024x779.png\" alt=\"\" class=\"wp-image-872\" style=\"width:85px\" srcset=\"https:\/\/rechtsanwaltskammer-kassel.de\/wp-content\/uploads\/2024\/09\/Adobe-PDF-1024x779.png 1024w, https:\/\/rechtsanwaltskammer-kassel.de\/wp-content\/uploads\/2024\/09\/Adobe-PDF-300x228.png 300w, https:\/\/rechtsanwaltskammer-kassel.de\/wp-content\/uploads\/2024\/09\/Adobe-PDF-768x584.png 768w, https:\/\/rechtsanwaltskammer-kassel.de\/wp-content\/uploads\/2024\/09\/Adobe-PDF-1536x1168.png 1536w, https:\/\/rechtsanwaltskammer-kassel.de\/wp-content\/uploads\/2024\/09\/Adobe-PDF-2048x1557.png 2048w\" sizes=\"(max-width: 1024px) 100vw, 1024px\" \/><\/a><\/figure>\n<\/div>\n\n\n<p class=\"has-text-align-center ticss-e208bfda\">Ausbildungsrahmenplan<\/p>\n<\/div>\n\n\n\n<div class=\"wp-block-column is-layout-flow wp-block-column-is-layout-flow\"><\/div>\n<\/div>\n<\/div>\n<\/div>\n\n\n\n<div class=\"wp-block-columns has-border-color has-custom-2-background-color has-background is-layout-flex wp-container-core-columns-is-layout-9d6595d7 wp-block-columns-is-layout-flex\" style=\"border-color:#072a8254;border-width:2px\">\n<div class=\"wp-block-column is-layout-flow wp-block-column-is-layout-flow\" style=\"flex-basis:50%\">\n<p><strong><strong><strong><strong><strong>Ausbildungsverordnung&nbsp;<\/strong><br><\/strong><\/strong><\/strong><\/strong><\/p>\n<\/div>\n\n\n\n<div class=\"wp-block-column is-layout-flow wp-block-column-is-layout-flow\" style=\"flex-basis:50%\">\n<div class=\"wp-block-columns ticss-78d31ccc is-layout-flex wp-container-core-columns-is-layout-9d6595d7 wp-block-columns-is-layout-flex\">\n<div class=\"wp-block-column is-layout-flow wp-block-column-is-layout-flow\"><div class=\"wp-block-image\">\n<figure class=\"aligncenter size-large is-resized\"><a href=\"https:\/\/www.brak.de\/fileadmin\/02_fuer_anwaelte\/reno\/renopat-ausbvo.pdf\" target=\"_blank\" rel=\" noreferrer noopener\"><img fetchpriority=\"high\" decoding=\"async\" width=\"1024\" height=\"779\" src=\"https:\/\/rechtsanwaltskammer-kassel.de\/wp-content\/uploads\/2024\/09\/Adobe-PDF-1024x779.png\" alt=\"\" class=\"wp-image-872\" style=\"width:85px\" srcset=\"https:\/\/rechtsanwaltskammer-kassel.de\/wp-content\/uploads\/2024\/09\/Adobe-PDF-1024x779.png 1024w, https:\/\/rechtsanwaltskammer-kassel.de\/wp-content\/uploads\/2024\/09\/Adobe-PDF-300x228.png 300w, https:\/\/rechtsanwaltskammer-kassel.de\/wp-content\/uploads\/2024\/09\/Adobe-PDF-768x584.png 768w, https:\/\/rechtsanwaltskammer-kassel.de\/wp-content\/uploads\/2024\/09\/Adobe-PDF-1536x1168.png 1536w, https:\/\/rechtsanwaltskammer-kassel.de\/wp-content\/uploads\/2024\/09\/Adobe-PDF-2048x1557.png 2048w\" sizes=\"(max-width: 1024px) 100vw, 1024px\" \/><\/a><\/figure>\n<\/div>\n\n\n<p class=\"has-text-align-center ticss-5360f4e2\">Ausbildungsverordnung&nbsp;<\/p>\n<\/div>\n\n\n\n<div class=\"wp-block-column is-layout-flow wp-block-column-is-layout-flow\"><\/div>\n<\/div>\n<\/div>\n<\/div>\n","protected":false},"excerpt":{"rendered":"<p>Rahmenlehrplan \/ Ausbildung &#8211; VO Grundlage f\u00fcr die Erstellung der Pr\u00fcfungsaufgaben ist der Ausbildungsrahmenplan und der g\u00fcltige Rahmenlehrplan, deren Inhalte auch \u00fcber die pr\u00fcfungsrelevanten Fertigkeiten, Kenntnisse und F\u00e4higkeiten hinaus verbindlich vermittelt werden m\u00fcssen. Der Berufsbildungsausschuss hat in seiner Sitzung vom 17.12.2008 eine Zuordnung wesentlicher Ausbildungsinhalte bei der Zwischen- und Abschlusspr\u00fcfung in den Ausbildungsberufen \u201eRechtsanwaltsfachangestellte(r)&#8220; und&hellip;&nbsp;<a href=\"https:\/\/rechtsanwaltskammer-kassel.de\/index.php\/rahmenlehrplan-ausbildung-vo\/\" rel=\"bookmark\">Weiterlesen &raquo;<span class=\"screen-reader-text\">Rahmenlehrplan \/ Ausbildung &#8211; VO<\/span><\/a><\/p>\n","protected":false},"author":1,"featured_media":0,"parent":0,"menu_order":0,"comment_status":"closed","ping_status":"closed","template":"","meta":{"neve_meta_sidebar":"","neve_meta_container":"","neve_meta_enable_content_width":"","neve_meta_content_width":0,"neve_meta_title_alignment":"","neve_meta_author_avatar":"","neve_post_elements_order":"","neve_meta_disable_header":"","neve_meta_disable_footer":"","neve_meta_disable_title":"","_themeisle_gutenberg_block_has_review":false,"footnotes":""},"class_list":["post-387","page","type-page","status-publish","hentry"],"_links":{"self":[{"href":"https:\/\/rechtsanwaltskammer-kassel.de\/index.php\/wp-json\/wp\/v2\/pages\/387","targetHints":{"allow":["GET"]}}],"collection":[{"href":"https:\/\/rechtsanwaltskammer-kassel.de\/index.php\/wp-json\/wp\/v2\/pages"}],"about":[{"href":"https:\/\/rechtsanwaltskammer-kassel.de\/index.php\/wp-json\/wp\/v2\/types\/page"}],"author":[{"embeddable":true,"href":"https:\/\/rechtsanwaltskammer-kassel.de\/index.php\/wp-json\/wp\/v2\/users\/1"}],"replies":[{"embeddable":true,"href":"https:\/\/rechtsanwaltskammer-kassel.de\/index.php\/wp-json\/wp\/v2\/comments?post=387"}],"version-history":[{"count":10,"href":"https:\/\/rechtsanwaltskammer-kassel.de\/index.php\/wp-json\/wp\/v2\/pages\/387\/revisions"}],"predecessor-version":[{"id":1587,"href":"https:\/\/rechtsanwaltskammer-kassel.de\/index.php\/wp-json\/wp\/v2\/pages\/387\/revisions\/1587"}],"wp:attachment":[{"href":"https:\/\/rechtsanwaltskammer-kassel.de\/index.php\/wp-json\/wp\/v2\/media?parent=387"}],"curies":[{"name":"wp","href":"https:\/\/api.w.org\/{rel}","templated":true}]}}