{"id":393,"date":"2024-03-20T13:42:02","date_gmt":"2024-03-20T13:42:02","guid":{"rendered":"https:\/\/rechtsanwaltskammer-kassel.de\/?page_id=393"},"modified":"2024-09-25T09:16:49","modified_gmt":"2024-09-25T09:16:49","slug":"ausschuss-gemaess-111-arbeitsgerichtsgesetz-arbgg","status":"publish","type":"page","link":"https:\/\/rechtsanwaltskammer-kassel.de\/index.php\/ausschuss-gemaess-111-arbeitsgerichtsgesetz-arbgg\/","title":{"rendered":"Ausschuss gem\u00e4\u00df \u00a7 111 Arbeitsgerichtsgesetz (ArbGG)\u00a0"},"content":{"rendered":"\n<h2 class=\"wp-block-heading\">Ausschuss gem\u00e4\u00df \u00a7 111 Arbeitsgerichtsgesetz (ArbGG)\u00a0<\/h2>\n\n\n\n<p>Die Rechtsanwaltskammer Kassel hat zur Beilegung von Streitigkeiten zwischen Ausbildenden und Auszubildenden aus einem bestehenden Berufsausbildungsverh\u00e4ltnis einen Ausschuss gem\u00e4\u00df \u00a7 111 ArbGG eingerichtet.<br><br>Der Ausschuss kann \u00fcber die Gesch\u00e4ftsstelle der Rechtsanwaltskammer Kassel, Karth\u00e4userstra\u00dfe 5a, 34117 Kassel, angerufen werden.<\/p>\n","protected":false},"excerpt":{"rendered":"<p>Ausschuss gem\u00e4\u00df \u00a7 111 Arbeitsgerichtsgesetz (ArbGG)\u00a0 Die Rechtsanwaltskammer Kassel hat zur Beilegung von Streitigkeiten zwischen Ausbildenden und Auszubildenden aus einem bestehenden Berufsausbildungsverh\u00e4ltnis einen Ausschuss gem\u00e4\u00df \u00a7 111 ArbGG eingerichtet. Der Ausschuss kann \u00fcber die Gesch\u00e4ftsstelle der Rechtsanwaltskammer Kassel, Karth\u00e4userstra\u00dfe 5a, 34117 Kassel, angerufen werden.<\/p>\n","protected":false},"author":1,"featured_media":0,"parent":0,"menu_order":0,"comment_status":"closed","ping_status":"closed","template":"","meta":{"neve_meta_sidebar":"","neve_meta_container":"","neve_meta_enable_content_width":"","neve_meta_content_width":0,"neve_meta_title_alignment":"","neve_meta_author_avatar":"","neve_post_elements_order":"","neve_meta_disable_header":"","neve_meta_disable_footer":"","neve_meta_disable_title":"","_themeisle_gutenberg_block_has_review":false,"footnotes":""},"class_list":["post-393","page","type-page","status-publish","hentry"],"_links":{"self":[{"href":"https:\/\/rechtsanwaltskammer-kassel.de\/index.php\/wp-json\/wp\/v2\/pages\/393","targetHints":{"allow":["GET"]}}],"collection":[{"href":"https:\/\/rechtsanwaltskammer-kassel.de\/index.php\/wp-json\/wp\/v2\/pages"}],"about":[{"href":"https:\/\/rechtsanwaltskammer-kassel.de\/index.php\/wp-json\/wp\/v2\/types\/page"}],"author":[{"embeddable":true,"href":"https:\/\/rechtsanwaltskammer-kassel.de\/index.php\/wp-json\/wp\/v2\/users\/1"}],"replies":[{"embeddable":true,"href":"https:\/\/rechtsanwaltskammer-kassel.de\/index.php\/wp-json\/wp\/v2\/comments?post=393"}],"version-history":[{"count":2,"href":"https:\/\/rechtsanwaltskammer-kassel.de\/index.php\/wp-json\/wp\/v2\/pages\/393\/revisions"}],"predecessor-version":[{"id":998,"href":"https:\/\/rechtsanwaltskammer-kassel.de\/index.php\/wp-json\/wp\/v2\/pages\/393\/revisions\/998"}],"wp:attachment":[{"href":"https:\/\/rechtsanwaltskammer-kassel.de\/index.php\/wp-json\/wp\/v2\/media?parent=393"}],"curies":[{"name":"wp","href":"https:\/\/api.w.org\/{rel}","templated":true}]}}