{"id":395,"date":"2024-03-20T13:42:33","date_gmt":"2024-03-20T13:42:33","guid":{"rendered":"https:\/\/rechtsanwaltskammer-kassel.de\/?page_id=395"},"modified":"2024-09-25T09:17:40","modified_gmt":"2024-09-25T09:17:40","slug":"ausbildungsberater-gemaess-76-berufsbildungsgesetz-bbig","status":"publish","type":"page","link":"https:\/\/rechtsanwaltskammer-kassel.de\/index.php\/ausbildungsberater-gemaess-76-berufsbildungsgesetz-bbig\/","title":{"rendered":"Ausbildungsberater gem\u00e4\u00df \u00a7 76 Berufsbildungsgesetz (BBiG)"},"content":{"rendered":"\n<h2 class=\"wp-block-heading\">Ausbildungsberater gem\u00e4\u00df \u00a7 76 Berufsbildungsgesetz (BBiG)<\/h2>\n\n\n\n<p>Die Rechtsanwaltskammer Kassel als zust\u00e4ndige Stelle im Sinne des BBiG hat f\u00fcr ihren Zust\u00e4ndigkeitsbereich folgende Berater\/innen gem\u00e4\u00df \u00a7 76 BBiG bestellt.<br><br><strong>F\u00fcr den Landgerichtsbezirk Kassel&nbsp;<br><\/strong>Rechtsanw\u00e4ltin Katharina Heinecke, Kassel<br><br><strong>F\u00fcr den Berufsschulbezirk Eschwege<br><\/strong>Rechtsanwalt Nils-Martin Schulz, Bad Sooden-Allendorf<br><br><strong>F\u00fcr den Landgerichtsbezirk Fulda<br><\/strong>Rechtsanw\u00e4ltin Edda Steinmetz, Fulda<br><br><strong>F\u00fcr den Landgerichtsbezirk Marburg<br><\/strong>Rechtsanwalt Thomas Kelz, Marburg<br><br><strong>F\u00fcr den Bezirk Frankenberg\/Korbach<\/strong><br>Rechtsanwalt und Notar Heinrich G\u00f6bel, Bad Arolsen<\/p>\n","protected":false},"excerpt":{"rendered":"<p>Ausbildungsberater gem\u00e4\u00df \u00a7 76 Berufsbildungsgesetz (BBiG) Die Rechtsanwaltskammer Kassel als zust\u00e4ndige Stelle im Sinne des BBiG hat f\u00fcr ihren Zust\u00e4ndigkeitsbereich folgende Berater\/innen gem\u00e4\u00df \u00a7 76 BBiG bestellt. F\u00fcr den Landgerichtsbezirk Kassel&nbsp;Rechtsanw\u00e4ltin Katharina Heinecke, Kassel F\u00fcr den Berufsschulbezirk EschwegeRechtsanwalt Nils-Martin Schulz, Bad Sooden-Allendorf F\u00fcr den Landgerichtsbezirk FuldaRechtsanw\u00e4ltin Edda Steinmetz, Fulda F\u00fcr den Landgerichtsbezirk MarburgRechtsanwalt Thomas Kelz,&hellip;&nbsp;<a href=\"https:\/\/rechtsanwaltskammer-kassel.de\/index.php\/ausbildungsberater-gemaess-76-berufsbildungsgesetz-bbig\/\" rel=\"bookmark\">Weiterlesen &raquo;<span class=\"screen-reader-text\">Ausbildungsberater gem\u00e4\u00df \u00a7 76 Berufsbildungsgesetz (BBiG)<\/span><\/a><\/p>\n","protected":false},"author":1,"featured_media":0,"parent":0,"menu_order":0,"comment_status":"closed","ping_status":"closed","template":"","meta":{"neve_meta_sidebar":"","neve_meta_container":"","neve_meta_enable_content_width":"","neve_meta_content_width":0,"neve_meta_title_alignment":"","neve_meta_author_avatar":"","neve_post_elements_order":"","neve_meta_disable_header":"","neve_meta_disable_footer":"","neve_meta_disable_title":"","_themeisle_gutenberg_block_has_review":false,"footnotes":""},"class_list":["post-395","page","type-page","status-publish","hentry"],"_links":{"self":[{"href":"https:\/\/rechtsanwaltskammer-kassel.de\/index.php\/wp-json\/wp\/v2\/pages\/395","targetHints":{"allow":["GET"]}}],"collection":[{"href":"https:\/\/rechtsanwaltskammer-kassel.de\/index.php\/wp-json\/wp\/v2\/pages"}],"about":[{"href":"https:\/\/rechtsanwaltskammer-kassel.de\/index.php\/wp-json\/wp\/v2\/types\/page"}],"author":[{"embeddable":true,"href":"https:\/\/rechtsanwaltskammer-kassel.de\/index.php\/wp-json\/wp\/v2\/users\/1"}],"replies":[{"embeddable":true,"href":"https:\/\/rechtsanwaltskammer-kassel.de\/index.php\/wp-json\/wp\/v2\/comments?post=395"}],"version-history":[{"count":2,"href":"https:\/\/rechtsanwaltskammer-kassel.de\/index.php\/wp-json\/wp\/v2\/pages\/395\/revisions"}],"predecessor-version":[{"id":999,"href":"https:\/\/rechtsanwaltskammer-kassel.de\/index.php\/wp-json\/wp\/v2\/pages\/395\/revisions\/999"}],"wp:attachment":[{"href":"https:\/\/rechtsanwaltskammer-kassel.de\/index.php\/wp-json\/wp\/v2\/media?parent=395"}],"curies":[{"name":"wp","href":"https:\/\/api.w.org\/{rel}","templated":true}]}}