{"id":397,"date":"2024-03-20T13:42:59","date_gmt":"2024-03-20T13:42:59","guid":{"rendered":"https:\/\/rechtsanwaltskammer-kassel.de\/?page_id=397"},"modified":"2024-09-18T10:16:57","modified_gmt":"2024-09-18T10:16:57","slug":"liste-der-berufsschulen","status":"publish","type":"page","link":"https:\/\/rechtsanwaltskammer-kassel.de\/index.php\/liste-der-berufsschulen\/","title":{"rendered":"Liste der Berufsschulen"},"content":{"rendered":"\n<h2 class=\"wp-block-heading\">Liste der Berufsschulen<\/h2>\n\n\n\n<p>Im Bezirk der Rechtsanwaltskammer Kassel erfolgt die schulische Ausbildung der Auszubildenden an folgenden Berufsschulen:<br><br><br><strong>Friedrich-List-Schule<\/strong><br>Zentgrafenstra\u00dfe 101<br>34130 Kassel<br><br><strong>Kaufm\u00e4nnische Schulen Marburg<\/strong><br>Leopold-Lucas-Stra\u00dfe 20<br>35037 Marburg<br><br><strong>Richard-M\u00fcller-Schule Fulda<\/strong><br>Pappelweg 8<br>36037 Fulda<\/p>\n","protected":false},"excerpt":{"rendered":"<p>Liste der Berufsschulen Im Bezirk der Rechtsanwaltskammer Kassel erfolgt die schulische Ausbildung der Auszubildenden an folgenden Berufsschulen: Friedrich-List-SchuleZentgrafenstra\u00dfe 10134130 Kassel Kaufm\u00e4nnische Schulen MarburgLeopold-Lucas-Stra\u00dfe 2035037 Marburg Richard-M\u00fcller-Schule FuldaPappelweg 836037 Fulda<\/p>\n","protected":false},"author":1,"featured_media":0,"parent":0,"menu_order":0,"comment_status":"closed","ping_status":"closed","template":"","meta":{"neve_meta_sidebar":"","neve_meta_container":"","neve_meta_enable_content_width":"","neve_meta_content_width":0,"neve_meta_title_alignment":"","neve_meta_author_avatar":"","neve_post_elements_order":"","neve_meta_disable_header":"","neve_meta_disable_footer":"","neve_meta_disable_title":"","_themeisle_gutenberg_block_has_review":false,"footnotes":""},"class_list":["post-397","page","type-page","status-publish","hentry"],"_links":{"self":[{"href":"https:\/\/rechtsanwaltskammer-kassel.de\/index.php\/wp-json\/wp\/v2\/pages\/397","targetHints":{"allow":["GET"]}}],"collection":[{"href":"https:\/\/rechtsanwaltskammer-kassel.de\/index.php\/wp-json\/wp\/v2\/pages"}],"about":[{"href":"https:\/\/rechtsanwaltskammer-kassel.de\/index.php\/wp-json\/wp\/v2\/types\/page"}],"author":[{"embeddable":true,"href":"https:\/\/rechtsanwaltskammer-kassel.de\/index.php\/wp-json\/wp\/v2\/users\/1"}],"replies":[{"embeddable":true,"href":"https:\/\/rechtsanwaltskammer-kassel.de\/index.php\/wp-json\/wp\/v2\/comments?post=397"}],"version-history":[{"count":2,"href":"https:\/\/rechtsanwaltskammer-kassel.de\/index.php\/wp-json\/wp\/v2\/pages\/397\/revisions"}],"predecessor-version":[{"id":912,"href":"https:\/\/rechtsanwaltskammer-kassel.de\/index.php\/wp-json\/wp\/v2\/pages\/397\/revisions\/912"}],"wp:attachment":[{"href":"https:\/\/rechtsanwaltskammer-kassel.de\/index.php\/wp-json\/wp\/v2\/media?parent=397"}],"curies":[{"name":"wp","href":"https:\/\/api.w.org\/{rel}","templated":true}]}}