{"id":399,"date":"2024-03-20T13:43:36","date_gmt":"2024-03-20T13:43:36","guid":{"rendered":"https:\/\/rechtsanwaltskammer-kassel.de\/?page_id=399"},"modified":"2024-09-18T10:17:45","modified_gmt":"2024-09-18T10:17:45","slug":"sbb-weiterbildungsstipendium","status":"publish","type":"page","link":"https:\/\/rechtsanwaltskammer-kassel.de\/index.php\/sbb-weiterbildungsstipendium\/","title":{"rendered":"sbb \u2013 Weiterbildungsstipendium"},"content":{"rendered":"\n<h2 class=\"wp-block-heading\">sbb \u2013 Weiterbildungsstipendium<\/h2>\n\n\n\n<p>Das Weiterbildungsstipendium unterst\u00fctzt besonders talentierte und motivierte Berufseinsteiger, sich in Ihrem Beruf mit Hilfe von fachlichen Weiterbildungen zu entwickeln, neue Kompetenzen und Fertigkeiten aufzubauen aber auch mit fach\u00fcbergreifenden Weiterbildungen den Horizont zu erweitern. Unter bestimmten Voraussetzungen kann auch ein berufsbegleitendes Studium gef\u00f6rdert werden.<br><br>Das Weiterbildungsstipendium ist ein F\u00f6rderprogramm des Bundesministeriums f\u00fcr Bildung und Forschung (BMBF). Die Stiftung Begabtenf\u00f6rderung berufliche Bildung &#8211; Gemeinn\u00fctzige Gesellschaft mbH (sbb) koordiniert im Auftrag und mit Mitteln des BMBF die bundesweite Durchf\u00fchrung.<br><br>\u00dcber die Aufnahme in das F\u00f6rderprogramm entscheidet die jeweils zust\u00e4ndige Stelle.<br>F\u00fcr Absolventinnen und Absolventen der Ausbildung zur\/zum Rechtsanwaltsfachangestellten bzw. Rechtsanwalts- und Notarfachangestellten, die ihre Abschlusspr\u00fcfung vor der Rechtsanwaltskammer Kassel abgelegt haben, ist dies die Rechtsanwaltskammer Kassel.<br><br>Wenn Sie sich bewerben m\u00f6chten, wenden Sie sich bitte wegen weiterer Informationen zum Bewerbungsverfahren an die Rechtsanwaltskammer Kassel.<br><br>Umfassende Informationen zum F\u00f6rderprogramm (Aufnahmekriterien, Umfang und Zeitraum der F\u00f6rderung etc.) k\u00f6nnen auch auf der Website der sbb (<a href=\"http:\/\/www.sbb-stipendien.de\" target=\"_blank\" rel=\"noreferrer noopener\">www.sbb-stipendien.de<\/a>) nachgelesen werden.<\/p>\n","protected":false},"excerpt":{"rendered":"<p>sbb \u2013 Weiterbildungsstipendium Das Weiterbildungsstipendium unterst\u00fctzt besonders talentierte und motivierte Berufseinsteiger, sich in Ihrem Beruf mit Hilfe von fachlichen Weiterbildungen zu entwickeln, neue Kompetenzen und Fertigkeiten aufzubauen aber auch mit fach\u00fcbergreifenden Weiterbildungen den Horizont zu erweitern. Unter bestimmten Voraussetzungen kann auch ein berufsbegleitendes Studium gef\u00f6rdert werden. Das Weiterbildungsstipendium ist ein F\u00f6rderprogramm des Bundesministeriums f\u00fcr Bildung&hellip;&nbsp;<a href=\"https:\/\/rechtsanwaltskammer-kassel.de\/index.php\/sbb-weiterbildungsstipendium\/\" rel=\"bookmark\">Weiterlesen &raquo;<span class=\"screen-reader-text\">sbb \u2013 Weiterbildungsstipendium<\/span><\/a><\/p>\n","protected":false},"author":1,"featured_media":0,"parent":0,"menu_order":0,"comment_status":"closed","ping_status":"closed","template":"","meta":{"neve_meta_sidebar":"","neve_meta_container":"","neve_meta_enable_content_width":"","neve_meta_content_width":0,"neve_meta_title_alignment":"","neve_meta_author_avatar":"","neve_post_elements_order":"","neve_meta_disable_header":"","neve_meta_disable_footer":"","neve_meta_disable_title":"","_themeisle_gutenberg_block_has_review":false,"footnotes":""},"class_list":["post-399","page","type-page","status-publish","hentry"],"_links":{"self":[{"href":"https:\/\/rechtsanwaltskammer-kassel.de\/index.php\/wp-json\/wp\/v2\/pages\/399","targetHints":{"allow":["GET"]}}],"collection":[{"href":"https:\/\/rechtsanwaltskammer-kassel.de\/index.php\/wp-json\/wp\/v2\/pages"}],"about":[{"href":"https:\/\/rechtsanwaltskammer-kassel.de\/index.php\/wp-json\/wp\/v2\/types\/page"}],"author":[{"embeddable":true,"href":"https:\/\/rechtsanwaltskammer-kassel.de\/index.php\/wp-json\/wp\/v2\/users\/1"}],"replies":[{"embeddable":true,"href":"https:\/\/rechtsanwaltskammer-kassel.de\/index.php\/wp-json\/wp\/v2\/comments?post=399"}],"version-history":[{"count":2,"href":"https:\/\/rechtsanwaltskammer-kassel.de\/index.php\/wp-json\/wp\/v2\/pages\/399\/revisions"}],"predecessor-version":[{"id":913,"href":"https:\/\/rechtsanwaltskammer-kassel.de\/index.php\/wp-json\/wp\/v2\/pages\/399\/revisions\/913"}],"wp:attachment":[{"href":"https:\/\/rechtsanwaltskammer-kassel.de\/index.php\/wp-json\/wp\/v2\/media?parent=399"}],"curies":[{"name":"wp","href":"https:\/\/api.w.org\/{rel}","templated":true}]}}