{"id":429,"date":"2024-03-20T14:50:06","date_gmt":"2024-03-20T14:50:06","guid":{"rendered":"https:\/\/rechtsanwaltskammer-kassel.de\/?page_id=429"},"modified":"2024-09-25T10:07:35","modified_gmt":"2024-09-25T10:07:35","slug":"oblig-streitschlichtung","status":"publish","type":"page","link":"https:\/\/rechtsanwaltskammer-kassel.de\/index.php\/oblig-streitschlichtung\/","title":{"rendered":"Oblig. Streitschlichtung\u00a0"},"content":{"rendered":"\n<h2 class=\"wp-block-heading\">Oblig. Streitschlichtung<\/h2>\n\n\n\n<div class=\"wp-block-columns is-layout-flex wp-container-core-columns-is-layout-9d6595d7 wp-block-columns-is-layout-flex\">\n<div class=\"wp-block-column is-layout-flow wp-block-column-is-layout-flow\" style=\"flex-basis:22.22%\"><div class=\"wp-block-image\">\n<figure class=\"aligncenter size-full is-resized\"><img decoding=\"async\" width=\"170\" height=\"170\" src=\"https:\/\/rechtsanwaltskammer-kassel.de\/wp-content\/uploads\/2024\/03\/plakette.jpg\" alt=\"\" class=\"wp-image-478\" style=\"width:146px;height:auto\" srcset=\"https:\/\/rechtsanwaltskammer-kassel.de\/wp-content\/uploads\/2024\/03\/plakette.jpg 170w, https:\/\/rechtsanwaltskammer-kassel.de\/wp-content\/uploads\/2024\/03\/plakette-150x150.jpg 150w\" sizes=\"(max-width: 170px) 100vw, 170px\" \/><\/figure>\n<\/div><\/div>\n\n\n\n<div class=\"wp-block-column is-layout-flow wp-block-column-is-layout-flow\" style=\"flex-basis:44.45%\">\n<p class=\"has-text-align-center\"><strong>Rechtsanw\u00e4lte<\/strong><\/p>\n\n\n\n<p class=\"has-text-align-center\">ind nicht nur Berater und Vertreter einer Partei, sondern auch <\/p>\n\n\n\n<p class=\"has-text-align-center\"><strong>Schlichter <\/strong><\/p>\n\n\n\n<p class=\"has-text-align-center\">im Rahmen der obligatorischen au\u00dfergerichtlichen Streitschlichtung in Hessen.<\/p>\n<\/div>\n\n\n\n<div class=\"wp-block-column is-layout-flow wp-block-column-is-layout-flow\" style=\"flex-basis:33.33%\"><\/div>\n<\/div>\n\n\n\n<p>Mit Wirkung vom 01. Juni 2001 wurde f\u00fcr das Land Hessen durch das Gesetz  zur Regelung der au\u00dfergerichtlichen Streitschlichtung vom 06.02.2001  (sogenanntes Hessisches Schlichtungsgesetz &#8211; Hess.SchlG -) eine neue  gesetzliche Regelung geschaffen, wonach bei bestimmten  b\u00fcrgerlich-rechtlichen Bagatellstreitigkeiten nur noch dann Klage beim  Amtsgericht erhoben werden kann, wenn der Kl\u00e4ger nachweist, dass er  zuvor versucht hat, sich mit dem Beklagten in einem sogenannten  &#8222;Schlichtungsverfahren&#8220; \u00fcber den Streitgegenstand g\u00fctlich zu einigen.  Durch die obligatorische Streitschlichtung soll zun\u00e4chst eine g\u00fctliche  Einigung angestrebt und vermieden werden, dass die Betroffenen sofort  den Klageweg beschreiten. N\u00e4here Ausk\u00fcnfte \u00fcber dieses neue Verfahren  k\u00f6nnen Sie bei einer <a href=\"http:\/\/rechtsanwaltskammer-kassel.de\/index.php?seitenid=910020&amp;parent=90&amp;brosis=124&amp;lang=2\">Rechtsanw\u00e4ltin bzw. einem Rechtsanwalt<\/a>  erhalten. Die Rechtsanwaltskammer Kassel hat von der gesetzlichen  M\u00f6glichkeit Gebrauch gemacht und ist als G\u00fctestelle anerkannt worden.  Die Schlichtung erfolgt nicht durch die G\u00fctestelle, sondern durch  Rechtsanw\u00e4ltinnen und Rechtsanw\u00e4lte. 80 Mitglieder der  Rechtsanwaltskammer Kassel sind bereits als Schlichterinnen bzw.  Schlichter im Rahmen der obligatorischen au\u00dfergerichtlichen  Streitschlichtung t\u00e4tig. Voraussetzung f\u00fcr die Schlichtert\u00e4tigkeit ist  die Teilnahme an einer speziellen Fortbildungsveranstaltung der  G\u00fctestelle. In der Gesch\u00e4ftsstelle der Rechtsanwaltskammer Kassel ist  die<\/p>\n\n\n\n<p class=\"has-text-align-center\"><strong>&#8222;G\u00fctestelle Rechtsanwaltskammer Kassel&#8220;<\/strong><\/p>\n\n\n\n<p>eingerichtet. Die Schlichter der G\u00fctestelle. Das Verfahren ist in der Schlichtungsordnung der Rechtsanwaltskammer Kassel geregelt.<\/p>\n\n\n\n<p><\/p>\n","protected":false},"excerpt":{"rendered":"<p>Oblig. Streitschlichtung Rechtsanw\u00e4lte ind nicht nur Berater und Vertreter einer Partei, sondern auch Schlichter im Rahmen der obligatorischen au\u00dfergerichtlichen Streitschlichtung in Hessen. Mit Wirkung vom 01. Juni 2001 wurde f\u00fcr das Land Hessen durch das Gesetz zur Regelung der au\u00dfergerichtlichen Streitschlichtung vom 06.02.2001 (sogenanntes Hessisches Schlichtungsgesetz &#8211; Hess.SchlG -) eine neue gesetzliche Regelung geschaffen, wonach&hellip;&nbsp;<a href=\"https:\/\/rechtsanwaltskammer-kassel.de\/index.php\/oblig-streitschlichtung\/\" rel=\"bookmark\">Weiterlesen &raquo;<span class=\"screen-reader-text\">Oblig. Streitschlichtung\u00a0<\/span><\/a><\/p>\n","protected":false},"author":1,"featured_media":0,"parent":0,"menu_order":0,"comment_status":"closed","ping_status":"closed","template":"","meta":{"neve_meta_sidebar":"","neve_meta_container":"","neve_meta_enable_content_width":"","neve_meta_content_width":0,"neve_meta_title_alignment":"","neve_meta_author_avatar":"","neve_post_elements_order":"","neve_meta_disable_header":"","neve_meta_disable_footer":"","neve_meta_disable_title":"","_themeisle_gutenberg_block_has_review":false,"footnotes":""},"class_list":["post-429","page","type-page","status-publish","hentry"],"_links":{"self":[{"href":"https:\/\/rechtsanwaltskammer-kassel.de\/index.php\/wp-json\/wp\/v2\/pages\/429","targetHints":{"allow":["GET"]}}],"collection":[{"href":"https:\/\/rechtsanwaltskammer-kassel.de\/index.php\/wp-json\/wp\/v2\/pages"}],"about":[{"href":"https:\/\/rechtsanwaltskammer-kassel.de\/index.php\/wp-json\/wp\/v2\/types\/page"}],"author":[{"embeddable":true,"href":"https:\/\/rechtsanwaltskammer-kassel.de\/index.php\/wp-json\/wp\/v2\/users\/1"}],"replies":[{"embeddable":true,"href":"https:\/\/rechtsanwaltskammer-kassel.de\/index.php\/wp-json\/wp\/v2\/comments?post=429"}],"version-history":[{"count":3,"href":"https:\/\/rechtsanwaltskammer-kassel.de\/index.php\/wp-json\/wp\/v2\/pages\/429\/revisions"}],"predecessor-version":[{"id":1024,"href":"https:\/\/rechtsanwaltskammer-kassel.de\/index.php\/wp-json\/wp\/v2\/pages\/429\/revisions\/1024"}],"wp:attachment":[{"href":"https:\/\/rechtsanwaltskammer-kassel.de\/index.php\/wp-json\/wp\/v2\/media?parent=429"}],"curies":[{"name":"wp","href":"https:\/\/api.w.org\/{rel}","templated":true}]}}