{"id":437,"date":"2024-03-20T14:55:50","date_gmt":"2024-03-20T14:55:50","guid":{"rendered":"https:\/\/rechtsanwaltskammer-kassel.de\/?page_id=437"},"modified":"2024-10-02T09:31:00","modified_gmt":"2024-10-02T09:31:00","slug":"kaufm-streitschlichtung","status":"publish","type":"page","link":"https:\/\/rechtsanwaltskammer-kassel.de\/index.php\/kaufm-streitschlichtung\/","title":{"rendered":"Kaufm. Streitschlichtung"},"content":{"rendered":"\n<h2 class=\"wp-block-heading\">Kaufm. Streitschlichtung<\/h2>\n\n\n\n<p>Schlichtungsstelle f\u00fcr kaufm\u00e4nnische Streitigkeiten<br><br>Zur Beilegung von Streitigkeiten in wirtschaftlichen Angelegenheiten zwischen Unternehmen haben die Rechtsanwaltskammer Kassel und die Industrie- und Handelskammer Kassel eine gemeinsame &#8222;Schlichtungs- und Mediationsstelle f\u00fcr kaufm\u00e4nnische Streitigkeiten&#8220; eingerichtet.<br><br>Mit Hilfe eines Schlichters\/Schlichterin bzw. Mediators\/Mediatorin sollen kaufm\u00e4nnische Streitigkeiten schon im Vorfeld mit dem Ziel beigelegt werden, ein Gerichtsverfahren zu vermeiden, das oftmals viel Zeit in Anspruch nimmt und hohe Kosten verursachen kann.<br><br>Die Schlichter\/Schlichterinnen bzw. Mediatoren\/Mediatorinnen f\u00fcr diese Verfahren sind Volljuristen und in der Regel als Rechtsanw\u00e4lte\/Rechtsanw\u00e4ltinnen im Bezirk der Rechtsanwaltskammer Kassel t\u00e4tig. Nach eigenen Angaben verf\u00fcgen sie \u00fcber Berufserfahrungen in den Rechtsgebieten Handels-, Gesellschafts- und Wirtschaftsrecht.<br><br>Auf die Verfahrensordnung wird verwiesen.<br><br>Interessenten k\u00f6nnen aufgrund des bei der Rechtsanwaltskammer oder bei der IHK Kassel eingerichteten Suchdienstes ihre Schlichter\/Mediatoren selbst aussuchen. Die gemeinsame Gesch\u00e4ftsstelle ist in den R\u00e4umen der Industrie- und Handelskammer Kassel, Kurf\u00fcrstenstra\u00dfe 9, 34117 Kassel, eingerichtet.<\/p>\n","protected":false},"excerpt":{"rendered":"<p>Kaufm. Streitschlichtung Schlichtungsstelle f\u00fcr kaufm\u00e4nnische Streitigkeiten Zur Beilegung von Streitigkeiten in wirtschaftlichen Angelegenheiten zwischen Unternehmen haben die Rechtsanwaltskammer Kassel und die Industrie- und Handelskammer Kassel eine gemeinsame &#8222;Schlichtungs- und Mediationsstelle f\u00fcr kaufm\u00e4nnische Streitigkeiten&#8220; eingerichtet. Mit Hilfe eines Schlichters\/Schlichterin bzw. Mediators\/Mediatorin sollen kaufm\u00e4nnische Streitigkeiten schon im Vorfeld mit dem Ziel beigelegt werden, ein Gerichtsverfahren zu vermeiden,&hellip;&nbsp;<a href=\"https:\/\/rechtsanwaltskammer-kassel.de\/index.php\/kaufm-streitschlichtung\/\" rel=\"bookmark\">Weiterlesen &raquo;<span class=\"screen-reader-text\">Kaufm. Streitschlichtung<\/span><\/a><\/p>\n","protected":false},"author":1,"featured_media":0,"parent":0,"menu_order":0,"comment_status":"closed","ping_status":"closed","template":"","meta":{"neve_meta_sidebar":"","neve_meta_container":"","neve_meta_enable_content_width":"","neve_meta_content_width":0,"neve_meta_title_alignment":"","neve_meta_author_avatar":"","neve_post_elements_order":"","neve_meta_disable_header":"","neve_meta_disable_footer":"","neve_meta_disable_title":"","_themeisle_gutenberg_block_has_review":false,"footnotes":""},"class_list":["post-437","page","type-page","status-publish","hentry"],"_links":{"self":[{"href":"https:\/\/rechtsanwaltskammer-kassel.de\/index.php\/wp-json\/wp\/v2\/pages\/437","targetHints":{"allow":["GET"]}}],"collection":[{"href":"https:\/\/rechtsanwaltskammer-kassel.de\/index.php\/wp-json\/wp\/v2\/pages"}],"about":[{"href":"https:\/\/rechtsanwaltskammer-kassel.de\/index.php\/wp-json\/wp\/v2\/types\/page"}],"author":[{"embeddable":true,"href":"https:\/\/rechtsanwaltskammer-kassel.de\/index.php\/wp-json\/wp\/v2\/users\/1"}],"replies":[{"embeddable":true,"href":"https:\/\/rechtsanwaltskammer-kassel.de\/index.php\/wp-json\/wp\/v2\/comments?post=437"}],"version-history":[{"count":3,"href":"https:\/\/rechtsanwaltskammer-kassel.de\/index.php\/wp-json\/wp\/v2\/pages\/437\/revisions"}],"predecessor-version":[{"id":1055,"href":"https:\/\/rechtsanwaltskammer-kassel.de\/index.php\/wp-json\/wp\/v2\/pages\/437\/revisions\/1055"}],"wp:attachment":[{"href":"https:\/\/rechtsanwaltskammer-kassel.de\/index.php\/wp-json\/wp\/v2\/media?parent=437"}],"curies":[{"name":"wp","href":"https:\/\/api.w.org\/{rel}","templated":true}]}}